{"id":148416,"date":"2025-09-01T10:32:02","date_gmt":"2025-09-01T08:32:02","guid":{"rendered":"https:\/\/crcindustries.eu\/varumarken\/"},"modified":"2026-03-09T12:14:54","modified_gmt":"2026-03-09T11:14:54","slug":"varumarken","status":"publish","type":"page","link":"https:\/\/se.crcindustries.eu\/sv\/varumarken\/","title":{"rendered":"Varum\u00e4rken"},"content":{"rendered":"<p><div class=\"fusion-bg-parallax\" data-bg-align=\"center center\" data-direction=\"up\" data-mute=\"false\" data-opacity=\"100\" data-velocity=\"-0.1\" data-mobile-enabled=\"false\" data-break_parents=\"0\" data-bg-image=\"https:\/\/crcindustries.eu\/wp-content\/uploads\/sites\/15\/2024\/05\/globle-bkg-careers-crcindurstries.jpg\" data-bg-repeat=\"false\" ><\/div><div class=\"fusion-fullwidth fullwidth-box fusion-builder-row-1 fusion-flex-container has-pattern-background has-mask-background fusion-parallax-up nonhundred-percent-fullwidth non-hundred-percent-height-scrolling\" style=\"--awb-border-radius-top-left:0px;--awb-border-radius-top-right:0px;--awb-border-radius-bottom-right:0px;--awb-border-radius-bottom-left:0px;--awb-padding-top:90px;--awb-padding-bottom:60px;--awb-padding-top-medium:120px;--awb-padding-bottom-medium:45px;--awb-padding-top-small:90px;--awb-padding-bottom-small:0px;--awb-min-height:362px;--awb-min-height-medium:400px;--awb-min-height-small:350px;--awb-background-image:url(&quot;https:\/\/crcindustries.eu\/wp-content\/uploads\/sites\/15\/2024\/05\/globle-bkg-careers-crcindurstries.jpg&quot;);--awb-background-size:cover;--awb-flex-wrap:wrap;\" ><div class=\"fusion-builder-row fusion-row fusion-flex-align-items-flex-end fusion-flex-align-content-flex-end fusion-flex-justify-content-space-between fusion-flex-content-wrap\" style=\"max-width:1456px;margin-left: calc(-4% \/ 2 );margin-right: calc(-4% \/ 2 );\"><div class=\"fusion-layout-column fusion_builder_column fusion-builder-column-0 fusion_builder_column_1_2 1_2 fusion-flex-column\" style=\"--awb-bg-size:cover;--awb-width-large:50%;--awb-margin-top-large:0px;--awb-spacing-right-large:3.84%;--awb-margin-bottom-large:30px;--awb-spacing-left-large:3.84%;--awb-width-medium:50%;--awb-order-medium:0;--awb-spacing-right-medium:3.84%;--awb-spacing-left-medium:3.84%;--awb-width-small:100%;--awb-order-small:0;--awb-spacing-right-small:1.92%;--awb-spacing-left-small:1.92%;\" data-scroll-devices=\"small-visibility,medium-visibility,large-visibility\"><div class=\"fusion-column-wrapper fusion-column-has-shadow fusion-flex-justify-content-flex-start fusion-content-layout-column\"><div class=\"fusion-title title fusion-title-1 fusion-sep-none fusion-title-text fusion-title-size-one\" style=\"--awb-text-color:var(--awb-color1);--awb-margin-top:0px;--awb-margin-right:0px;--awb-margin-bottom:0px;--awb-margin-left:0px;--awb-margin-top-small:0px;--awb-margin-right-small:0px;--awb-margin-bottom-small:0px;--awb-margin-left-small:0px;--awb-font-size:var(--awb-typography1-font-size);\"><h1 class=\"fusion-title-heading title-heading-left fusion-responsive-typography-calculated\" style=\"font-family:var(--awb-typography1-font-family);font-weight:var(--awb-typography1-font-weight);font-style:var(--awb-typography1-font-style);margin:0;letter-spacing:var(--awb-typography1-letter-spacing);text-transform:var(--awb-typography1-text-transform);font-size:1em;--fontSize:52;line-height:var(--awb-typography1-line-height);\">Varum\u00e4rken<\/h1><\/div><\/div><\/div><\/div><\/div><div class=\"fusion-fullwidth fullwidth-box fusion-builder-row-2 fusion-flex-container has-pattern-background has-mask-background nonhundred-percent-fullwidth non-hundred-percent-height-scrolling\" style=\"--awb-border-radius-top-left:0px;--awb-border-radius-top-right:0px;--awb-border-radius-bottom-right:0px;--awb-border-radius-bottom-left:0px;--awb-padding-top:90px;--awb-padding-bottom:60px;--awb-padding-top-small:30px;--awb-padding-bottom-small:0px;--awb-flex-wrap:wrap;\" ><div class=\"fusion-builder-row fusion-row fusion-flex-align-items-flex-start fusion-flex-justify-content-center fusion-flex-content-wrap\" style=\"max-width:1456px;margin-left: calc(-4% \/ 2 );margin-right: calc(-4% \/ 2 );\"><div class=\"fusion-layout-column fusion_builder_column fusion-builder-column-1 fusion_builder_column_1_1 1_1 fusion-flex-column\" style=\"--awb-bg-size:cover;--awb-width-large:100%;--awb-margin-top-large:0px;--awb-spacing-right-large:1.92%;--awb-margin-bottom-large:30px;--awb-spacing-left-large:1.92%;--awb-width-medium:100%;--awb-order-medium:0;--awb-spacing-right-medium:1.92%;--awb-spacing-left-medium:1.92%;--awb-width-small:100%;--awb-order-small:0;--awb-spacing-right-small:1.92%;--awb-spacing-left-small:1.92%;\" data-scroll-devices=\"small-visibility,medium-visibility,large-visibility\"><div class=\"fusion-column-wrapper fusion-column-has-shadow fusion-flex-justify-content-flex-start fusion-content-layout-column\"><div class=\"fusion-post-cards fusion-post-cards-1 fusion-grid-columns-3\" style=\"--awb-column-spacing:60px;--awb-dots-align:center;--awb-columns:3;--awb-active-filter-border-size:3px;--awb-filters-height:36px;--awb-row-spacing:60px;--awb-columns-medium:50%;--awb-columns-small:100%;\"><ul class=\"fusion-grid fusion-grid-3 fusion-flex-align-items-stretch fusion-grid-posts-cards\"><li class=\"fusion-layout-column fusion_builder_column fusion-builder-column-2 fusion-flex-column crc-brand-pc post-card fusion-grid-column fusion-post-cards-grid-column\" style=\"--awb-bg-blend:overlay;--awb-bg-size:cover;--awb-flex-grow:0;--awb-flex-shrink:0;--awb-flex-grow-medium:0;--awb-flex-shrink-medium:0;--awb-flex-grow-small:0;--awb-flex-shrink-small:0;\" data-scroll-devices=\"small-visibility,medium-visibility,large-visibility\"><div class=\"fusion-column-wrapper fusion-column-has-shadow fusion-flex-justify-content-flex-start fusion-content-layout-column\"><div class=\"fusion-image-element \" style=\"text-align:center;--awb-aspect-ratio:3 \/ 2;--awb-margin-bottom:25px;--awb-max-width:192px;--awb-caption-title-font-family:var(--h2_typography-font-family);--awb-caption-title-font-weight:var(--h2_typography-font-weight);--awb-caption-title-font-style:var(--h2_typography-font-style);--awb-caption-title-size:var(--h2_typography-font-size);--awb-caption-title-transform:var(--h2_typography-text-transform);--awb-caption-title-line-height:var(--h2_typography-line-height);--awb-caption-title-letter-spacing:var(--h2_typography-letter-spacing);\"><div style=\"display:inline-block;width:192px;\"><span class=\" fusion-imageframe imageframe-none imageframe-1 hover-type-none has-aspect-ratio\"><img decoding=\"async\" width=\"1182\" height=\"904\" alt=\"Kontakt Chemie\" title=\"KOC_ByCRC\" src=\"https:\/\/se.crcindustries.eu\/wp-content\/uploads\/sites\/15\/2024\/08\/KOC_ByCRC.png\" class=\"img-responsive wp-image-145126 img-with-aspect-ratio\" data-parent-fit=\"cover\" data-parent-container=\".fusion-image-element\" \/><\/span><\/div><\/div><div class=\"fusion-text fusion-text-1 fusion-text-no-margin\" style=\"--awb-content-alignment:center;--awb-margin-bottom:15px;\"><p>Kontakt Chemie \u00e4r en av v\u00e4rldens ledande tillverkare av kemiska specialprodukter f\u00f6r underh\u00e5ll och reparation inom industri, handel, elektronik och fordonssektorn.<\/p>\n<\/div><div class=\"fusion-separator fusion-full-width-sep\" style=\"align-self: center;margin-left: auto;margin-right: auto;flex-grow:1;margin-top:0px;margin-bottom:0px;width:100%;max-width:100%;\"><\/div><div style=\"text-align:center;\"><a class=\"fusion-button button-flat fusion-button-default-size button-default fusion-button-default button-1 fusion-button-default-span fusion-button-default-type default-btn small-btn\" target=\"_self\" title=\"Visa produkter av m\u00e4rket\" aria-label=\"Visa produkter av m\u00e4rket\" href=\"https:\/\/se.crcindustries.eu\/sv\/varumarke\/kontakt-chemie-sv\/\"><span class=\"fusion-button-text awb-button__text awb-button__text--default\">Visa produkter<\/span><\/a><\/div><\/div><\/li>\n<li class=\"fusion-layout-column fusion_builder_column fusion-builder-column-3 fusion-flex-column crc-brand-pc post-card fusion-grid-column fusion-post-cards-grid-column\" style=\"--awb-bg-blend:overlay;--awb-bg-size:cover;--awb-flex-grow:0;--awb-flex-shrink:0;--awb-flex-grow-medium:0;--awb-flex-shrink-medium:0;--awb-flex-grow-small:0;--awb-flex-shrink-small:0;\" data-scroll-devices=\"small-visibility,medium-visibility,large-visibility\"><div class=\"fusion-column-wrapper fusion-column-has-shadow fusion-flex-justify-content-flex-start fusion-content-layout-column\"><div class=\"fusion-image-element \" style=\"text-align:center;--awb-aspect-ratio:3 \/ 2;--awb-margin-bottom:25px;--awb-max-width:192px;--awb-caption-title-font-family:var(--h2_typography-font-family);--awb-caption-title-font-weight:var(--h2_typography-font-weight);--awb-caption-title-font-style:var(--h2_typography-font-style);--awb-caption-title-size:var(--h2_typography-font-size);--awb-caption-title-transform:var(--h2_typography-text-transform);--awb-caption-title-line-height:var(--h2_typography-line-height);--awb-caption-title-letter-spacing:var(--h2_typography-letter-spacing);\"><div style=\"display:inline-block;width:192px;\"><span class=\" fusion-imageframe imageframe-none imageframe-2 hover-type-none has-aspect-ratio\"><img decoding=\"async\" width=\"1920\" height=\"1080\" alt=\"SmartWasher\" title=\"SmartWasher\" src=\"https:\/\/se.crcindustries.eu\/wp-content\/uploads\/sites\/15\/2024\/07\/7.png\" class=\"img-responsive wp-image-144990 img-with-aspect-ratio\" data-parent-fit=\"cover\" data-parent-container=\".fusion-image-element\" \/><\/span><\/div><\/div><div class=\"fusion-text fusion-text-2 fusion-text-no-margin\" style=\"--awb-content-alignment:center;--awb-margin-bottom:15px;\"><p>Den patenterade SmartWasher\u00ae \u00e4r ett innovativt system f\u00f6r komponenttv\u00e4tt som anv\u00e4nder bioremediering och eliminerar behovet av att transportera bort anv\u00e4nd v\u00e4tska. Systemet best\u00e5r av tre huvudkomponenter: SmartWasher-enheten, de ofarliga avfettningsl\u00f6sningarna OzzyJuice och OzzyMat, en mikrobinfunderad matta som f\u00e5ngar upp partiklar. <\/p>\n<\/div><div class=\"fusion-separator fusion-full-width-sep\" style=\"align-self: center;margin-left: auto;margin-right: auto;flex-grow:1;margin-top:0px;margin-bottom:0px;width:100%;max-width:100%;\"><\/div><div style=\"text-align:center;\"><a class=\"fusion-button button-flat fusion-button-default-size button-default fusion-button-default button-2 fusion-button-default-span fusion-button-default-type default-btn small-btn\" target=\"_self\" title=\"Visa produkter av m\u00e4rket\" aria-label=\"Visa produkter av m\u00e4rket\" href=\"https:\/\/se.crcindustries.eu\/sv\/varumarke\/crc-smartwasher-sv\/\"><span class=\"fusion-button-text awb-button__text awb-button__text--default\">Visa produkter<\/span><\/a><\/div><\/div><\/li>\n<li class=\"fusion-layout-column fusion_builder_column fusion-builder-column-4 fusion-flex-column crc-brand-pc post-card fusion-grid-column fusion-post-cards-grid-column\" style=\"--awb-bg-blend:overlay;--awb-bg-size:cover;--awb-flex-grow:0;--awb-flex-shrink:0;--awb-flex-grow-medium:0;--awb-flex-shrink-medium:0;--awb-flex-grow-small:0;--awb-flex-shrink-small:0;\" data-scroll-devices=\"small-visibility,medium-visibility,large-visibility\"><div class=\"fusion-column-wrapper fusion-column-has-shadow fusion-flex-justify-content-flex-start fusion-content-layout-column\"><div class=\"fusion-image-element \" style=\"text-align:center;--awb-aspect-ratio:3 \/ 2;--awb-margin-bottom:25px;--awb-max-width:192px;--awb-caption-title-font-family:var(--h2_typography-font-family);--awb-caption-title-font-weight:var(--h2_typography-font-weight);--awb-caption-title-font-style:var(--h2_typography-font-style);--awb-caption-title-size:var(--h2_typography-font-size);--awb-caption-title-transform:var(--h2_typography-text-transform);--awb-caption-title-line-height:var(--h2_typography-line-height);--awb-caption-title-letter-spacing:var(--h2_typography-letter-spacing);\"><div style=\"display:inline-block;width:192px;\"><span class=\" fusion-imageframe imageframe-none imageframe-3 hover-type-none has-aspect-ratio\"><img decoding=\"async\" width=\"1374\" height=\"618\" alt=\"CRC Logo\" title=\"CRC Logo\" src=\"https:\/\/se.crcindustries.eu\/wp-content\/uploads\/sites\/15\/2022\/04\/CRC_Logo_RGB_Horiz_Tag_Black-1-e1721981441340.png\" class=\"img-responsive wp-image-145046 img-with-aspect-ratio\" data-parent-fit=\"cover\" data-parent-container=\".fusion-image-element\" \/><\/span><\/div><\/div><div class=\"fusion-text fusion-text-3 fusion-text-no-margin\" style=\"--awb-content-alignment:center;--awb-margin-bottom:15px;\"><p>CRC Industries Europe \u00e4r en global leverant\u00f6r av h\u00f6gpresterande kemiska l\u00f6sningar f\u00f6r industri-, fordons- och elsektorerna. Vi tillverkar och tillhandah\u00e5ller reng\u00f6ringsmedel, sm\u00f6rjmedel, korrosionsskyddsprodukter, lim, svetsl\u00f6sningar, tillsatser, f\u00e4rger, gjutningsprodukter och andra specialformuleringar; allt utformat f\u00f6r att st\u00f6dja professionella arbetsfl\u00f6den och optimera prestanda. Vi betj\u00e4nar kunder i hela Europa, Afrika och Mellan\u00f6stern.  <\/p>\n<\/div><div class=\"fusion-separator fusion-full-width-sep\" style=\"align-self: center;margin-left: auto;margin-right: auto;flex-grow:1;margin-top:0px;margin-bottom:0px;width:100%;max-width:100%;\"><\/div><div style=\"text-align:center;\"><a class=\"fusion-button button-flat fusion-button-default-size button-default fusion-button-default button-3 fusion-button-default-span fusion-button-default-type default-btn small-btn\" target=\"_self\" title=\"Visa produkter av m\u00e4rket\" aria-label=\"Visa produkter av m\u00e4rket\" href=\"https:\/\/se.crcindustries.eu\/sv\/varumarke\/crc-professional\/\"><span class=\"fusion-button-text awb-button__text awb-button__text--default\">Visa produkter<\/span><\/a><\/div><\/div><\/li>\n<li class=\"fusion-layout-column fusion_builder_column fusion-builder-column-5 fusion-flex-column crc-brand-pc post-card fusion-grid-column fusion-post-cards-grid-column\" style=\"--awb-bg-blend:overlay;--awb-bg-size:cover;--awb-flex-grow:0;--awb-flex-shrink:0;--awb-flex-grow-medium:0;--awb-flex-shrink-medium:0;--awb-flex-grow-small:0;--awb-flex-shrink-small:0;\" data-scroll-devices=\"small-visibility,medium-visibility,large-visibility\"><div class=\"fusion-column-wrapper fusion-column-has-shadow fusion-flex-justify-content-flex-start fusion-content-layout-column\"><div class=\"fusion-image-element \" style=\"text-align:center;--awb-aspect-ratio:3 \/ 2;--awb-margin-bottom:25px;--awb-max-width:192px;--awb-caption-title-font-family:var(--h2_typography-font-family);--awb-caption-title-font-weight:var(--h2_typography-font-weight);--awb-caption-title-font-style:var(--h2_typography-font-style);--awb-caption-title-size:var(--h2_typography-font-size);--awb-caption-title-transform:var(--h2_typography-text-transform);--awb-caption-title-line-height:var(--h2_typography-line-height);--awb-caption-title-letter-spacing:var(--h2_typography-letter-spacing);\"><div style=\"display:inline-block;width:192px;\"><span class=\" fusion-imageframe imageframe-none imageframe-4 hover-type-none has-aspect-ratio\"><img decoding=\"async\" width=\"775\" height=\"365\" alt=\"CRC-Evapo-Rust-Logo-Lockup-Strapline_RGB.png (1)\" title=\"CRC-Evapo-Rust-Logo-Lockup-Strapline_RGB.png (1)\" src=\"https:\/\/se.crcindustries.eu\/wp-content\/uploads\/sites\/15\/2026\/01\/CRC-Evapo-Rust-Logo-Lockup-Strapline_RGB.png-1.webp\" class=\"img-responsive wp-image-165109 img-with-aspect-ratio\" data-parent-fit=\"cover\" data-parent-container=\".fusion-image-element\" srcset=\"https:\/\/se.crcindustries.eu\/wp-content\/uploads\/sites\/15\/2026\/01\/CRC-Evapo-Rust-Logo-Lockup-Strapline_RGB.png-1-200x94.webp 200w, https:\/\/se.crcindustries.eu\/wp-content\/uploads\/sites\/15\/2026\/01\/CRC-Evapo-Rust-Logo-Lockup-Strapline_RGB.png-1-400x188.webp 400w, https:\/\/se.crcindustries.eu\/wp-content\/uploads\/sites\/15\/2026\/01\/CRC-Evapo-Rust-Logo-Lockup-Strapline_RGB.png-1-600x283.webp 600w, https:\/\/se.crcindustries.eu\/wp-content\/uploads\/sites\/15\/2026\/01\/CRC-Evapo-Rust-Logo-Lockup-Strapline_RGB.png-1.webp 775w\" sizes=\"(max-width: 800px) 100vw, 775px\" \/><\/span><\/div><\/div><div class=\"fusion-text fusion-text-4 fusion-text-no-margin\" style=\"--awb-content-alignment:center;--awb-margin-bottom:15px;\"><p>Evapo-Rust\u00ae \u00e4r ett giftfritt rostborttagningsmedel som snabbt \u00e5terst\u00e4ller ytor utan skrubbning eller slipning. Den kraftfulla formeln eliminerar effektivt rost och \u00e4r s\u00e4ker, enkel och l\u00e4tt att anv\u00e4nda. L\u00f6sningen \u00e4r klar att anv\u00e4nda och beh\u00f6ver inte blandas.  <\/p>\n<\/div><div class=\"fusion-separator fusion-full-width-sep\" style=\"align-self: center;margin-left: auto;margin-right: auto;flex-grow:1;margin-top:0px;margin-bottom:0px;width:100%;max-width:100%;\"><\/div><div style=\"text-align:center;\"><a class=\"fusion-button button-flat fusion-button-default-size button-default fusion-button-default button-4 fusion-button-default-span fusion-button-default-type default-btn small-btn\" target=\"_self\" title=\"Visa produkter av m\u00e4rket\" aria-label=\"Visa produkter av m\u00e4rket\" href=\"https:\/\/se.crcindustries.eu\/sv\/varumarke\/crc-evapo-rust-sv\/\"><span class=\"fusion-button-text awb-button__text awb-button__text--default\">Visa produkter<\/span><\/a><\/div><\/div><\/li>\n<li class=\"fusion-layout-column fusion_builder_column fusion-builder-column-6 fusion-flex-column crc-brand-pc post-card fusion-grid-column fusion-post-cards-grid-column\" style=\"--awb-bg-blend:overlay;--awb-bg-size:cover;--awb-flex-grow:0;--awb-flex-shrink:0;--awb-flex-grow-medium:0;--awb-flex-shrink-medium:0;--awb-flex-grow-small:0;--awb-flex-shrink-small:0;\" data-scroll-devices=\"small-visibility,medium-visibility,large-visibility\"><div class=\"fusion-column-wrapper fusion-column-has-shadow fusion-flex-justify-content-flex-start fusion-content-layout-column\"><div class=\"fusion-image-element \" style=\"text-align:center;--awb-aspect-ratio:3 \/ 2;--awb-margin-bottom:25px;--awb-max-width:192px;--awb-caption-title-font-family:var(--h2_typography-font-family);--awb-caption-title-font-weight:var(--h2_typography-font-weight);--awb-caption-title-font-style:var(--h2_typography-font-style);--awb-caption-title-size:var(--h2_typography-font-size);--awb-caption-title-transform:var(--h2_typography-text-transform);--awb-caption-title-line-height:var(--h2_typography-line-height);--awb-caption-title-letter-spacing:var(--h2_typography-letter-spacing);\"><div style=\"display:inline-block;width:192px;\"><span class=\" fusion-imageframe imageframe-none imageframe-5 hover-type-none has-aspect-ratio\"><img decoding=\"async\" width=\"1374\" height=\"618\" alt=\"CRC Logo\" title=\"CRC Logo\" src=\"https:\/\/se.crcindustries.eu\/wp-content\/uploads\/sites\/15\/2022\/04\/CRC_Logo_RGB_Horiz_Tag_Black-1-e1721981441340.png\" class=\"img-responsive wp-image-145046 img-with-aspect-ratio\" data-parent-fit=\"cover\" data-parent-container=\".fusion-image-element\" \/><\/span><\/div><\/div><div class=\"fusion-text fusion-text-5 fusion-text-no-margin\" style=\"--awb-content-alignment:center;--awb-margin-bottom:15px;\"><p>CRC Industries Europe erbjuder ett brett sortiment av l\u00e4ttanv\u00e4nda kemiska produkter som hj\u00e4lper dig att h\u00e5lla din utrustning, dina fordon och dina verktyg i toppskick. Fr\u00e5n effektiva reng\u00f6ringsmedel och sm\u00f6rjmedel till skydds- och underh\u00e5llsl\u00f6sningar &#8211; v\u00e5ra produkter g\u00f6r varje uppgift enklare och mer tillf\u00f6rlitlig. Du hittar v\u00e5ra l\u00f6sningar i hela Europa, Afrika och Mellan\u00f6stern.  <\/p>\n<\/div><div class=\"fusion-separator fusion-full-width-sep\" style=\"align-self: center;margin-left: auto;margin-right: auto;flex-grow:1;margin-top:0px;margin-bottom:0px;width:100%;max-width:100%;\"><\/div><div style=\"text-align:center;\"><a class=\"fusion-button button-flat fusion-button-default-size button-default fusion-button-default button-5 fusion-button-default-span fusion-button-default-type default-btn small-btn\" target=\"_self\" title=\"Visa produkter av m\u00e4rket\" aria-label=\"Visa produkter av m\u00e4rket\" href=\"https:\/\/se.crcindustries.eu\/sv\/varumarke\/crc-consumer\/\"><span class=\"fusion-button-text awb-button__text awb-button__text--default\">Visa produkter<\/span><\/a><\/div><\/div><\/li>\n<\/ul><\/div><\/div><\/div><\/div><\/div><\/p>\n","protected":false},"excerpt":{"rendered":"","protected":false},"author":1,"featured_media":0,"parent":0,"menu_order":0,"comment_status":"closed","ping_status":"closed","template":"100-width.php","meta":{"_acf_changed":false,"footnotes":""},"class_list":["post-148416","page","type-page","status-publish","hentry"],"acf":[],"_links":{"self":[{"href":"https:\/\/se.crcindustries.eu\/sv\/wp-json\/wp\/v2\/pages\/148416","targetHints":{"allow":["GET"]}}],"collection":[{"href":"https:\/\/se.crcindustries.eu\/sv\/wp-json\/wp\/v2\/pages"}],"about":[{"href":"https:\/\/se.crcindustries.eu\/sv\/wp-json\/wp\/v2\/types\/page"}],"author":[{"embeddable":true,"href":"https:\/\/se.crcindustries.eu\/sv\/wp-json\/wp\/v2\/users\/1"}],"replies":[{"embeddable":true,"href":"https:\/\/se.crcindustries.eu\/sv\/wp-json\/wp\/v2\/comments?post=148416"}],"version-history":[{"count":5,"href":"https:\/\/se.crcindustries.eu\/sv\/wp-json\/wp\/v2\/pages\/148416\/revisions"}],"predecessor-version":[{"id":165134,"href":"https:\/\/se.crcindustries.eu\/sv\/wp-json\/wp\/v2\/pages\/148416\/revisions\/165134"}],"wp:attachment":[{"href":"https:\/\/se.crcindustries.eu\/sv\/wp-json\/wp\/v2\/media?parent=148416"}],"curies":[{"name":"wp","href":"https:\/\/api.w.org\/{rel}","templated":true}]}}